{"id":1411,"date":"2024-10-24T09:57:08","date_gmt":"2024-10-24T09:57:08","guid":{"rendered":"https:\/\/www.cnes.community\/?page_id=1411"},"modified":"2024-12-13T10:37:08","modified_gmt":"2024-12-13T10:37:08","slug":"serbia","status":"publish","type":"page","link":"https:\/\/www.cnes.community\/index.php\/resources\/cnes-knowledge-bank\/institutional-information\/serbia\/","title":{"rendered":"Serbian Election Study"},"content":{"rendered":"\r\n<div class=\"wp-block-columns is-layout-flex wp-container-core-columns-is-layout-9d6595d7 wp-block-columns-is-layout-flex\">\r\n<div class=\"wp-block-column is-vertically-aligned-top is-layout-flow wp-block-column-is-layout-flow\" style=\"flex-basis: 61px;\"><div class=\"wp-block-image is-style-default\">\r\n<figure class=\"alignright size-full is-resized\"><img loading=\"lazy\" decoding=\"async\" width=\"61\" height=\"61\" class=\"wp-image-1126\" style=\"width: 61px;\" src=\"https:\/\/www.cnes.community\/wp-content\/uploads\/2024\/10\/university1.png\" alt=\"\" srcset=\"https:\/\/www.cnes.community\/wp-content\/uploads\/2024\/10\/university1.png 512w, https:\/\/www.cnes.community\/wp-content\/uploads\/2024\/10\/university1-300x300.png 300w, https:\/\/www.cnes.community\/wp-content\/uploads\/2024\/10\/university1-150x150.png 150w, https:\/\/www.cnes.community\/wp-content\/uploads\/2024\/10\/university1-230x230.png 230w, https:\/\/www.cnes.community\/wp-content\/uploads\/2024\/10\/university1-330x330.png 330w\" sizes=\"auto, (max-width: 61px) 100vw, 61px\" \/><\/figure><\/div><\/div>\r\n\r\n\r\n\r\n<div class=\"wp-block-column is-vertically-aligned-top is-layout-flow wp-block-column-is-layout-flow\" style=\"flex-basis: 125px;\">\r\n<p style=\"font-size: 15px;\">\u00a0<\/p>\r\n\r\n\r\n\r\n<p class=\"has-text-align-left has-medium-font-size\"><strong>Institution<\/strong><\/p>\r\n<\/div>\r\n\r\n\r\n\r\n<div class=\"wp-block-column is-vertically-aligned-center is-layout-flow wp-block-column-is-layout-flow\">\r\n<p style=\"font-size: 15px;\">\u00a0<\/p>\r\n\r\n\r\n\r\n<p style=\"font-size: 18px;\">Institute of Social Sciences<\/p>\r\n\r\n\r\n\r\n<p style=\"font-size: 18px;\">Kraljice Natalije 45 (Narodnog Fronta 45)<\/p>\r\n\r\n\r\n\r\n<p style=\"font-size: 18px;\">11000 Belgrade<\/p>\r\n\r\n\r\n\r\n<p style=\"font-size: 18px;\">Republic of Serbia<\/p>\r\n<\/div>\r\n<\/div>\r\n\r\n\r\n\r\n<div class=\"wp-block-spacer\" style=\"height: 10px;\" aria-hidden=\"true\">\u00a0<\/div>\r\n\r\n\r\n\r\n<div class=\"wp-block-columns is-layout-flex wp-container-core-columns-is-layout-9d6595d7 wp-block-columns-is-layout-flex\">\r\n<div class=\"wp-block-column is-vertically-aligned-center is-layout-flow wp-block-column-is-layout-flow\" style=\"flex-basis: 65px;\"><div class=\"wp-block-image\">\r\n<figure class=\"alignright size-full is-resized\"><img loading=\"lazy\" decoding=\"async\" width=\"61\" height=\"61\" class=\"wp-image-1137\" style=\"width: 61px;\" src=\"https:\/\/www.cnes.community\/wp-content\/uploads\/2024\/10\/elearning.png\" alt=\"\" srcset=\"https:\/\/www.cnes.community\/wp-content\/uploads\/2024\/10\/elearning.png 512w, https:\/\/www.cnes.community\/wp-content\/uploads\/2024\/10\/elearning-300x300.png 300w, https:\/\/www.cnes.community\/wp-content\/uploads\/2024\/10\/elearning-150x150.png 150w, https:\/\/www.cnes.community\/wp-content\/uploads\/2024\/10\/elearning-230x230.png 230w, https:\/\/www.cnes.community\/wp-content\/uploads\/2024\/10\/elearning-330x330.png 330w\" sizes=\"auto, (max-width: 61px) 100vw, 61px\" \/><\/figure><\/div><\/div>\r\n\r\n\r\n\r\n<div class=\"wp-block-column is-vertically-aligned-center is-layout-flow wp-block-column-is-layout-flow\" style=\"flex-basis: 125px;\">\r\n<p class=\"has-medium-font-size\"><strong>Website<\/strong><\/p>\r\n<\/div>\r\n\r\n\r\n\r\n<div class=\"wp-block-column is-vertically-aligned-center is-layout-flow wp-block-column-is-layout-flow\">\r\n<p>&#8211;<\/p>\r\n<\/div>\r\n<\/div>\r\n\r\n\r\n\r\n<div class=\"wp-block-spacer\" style=\"height: 10px;\" aria-hidden=\"true\">\u00a0<\/div>\r\n\r\n\r\n\r\n<div class=\"wp-block-columns is-layout-flex wp-container-core-columns-is-layout-9d6595d7 wp-block-columns-is-layout-flex\">\r\n<div class=\"wp-block-column is-vertically-aligned-center is-layout-flow wp-block-column-is-layout-flow\" style=\"flex-basis: 65px;\"><div class=\"wp-block-image\">\r\n<figure class=\"alignright size-full is-resized\"><img loading=\"lazy\" decoding=\"async\" width=\"61\" height=\"61\" class=\"wp-image-1139\" style=\"width: 61px;\" src=\"https:\/\/www.cnes.community\/wp-content\/uploads\/2024\/10\/writing.png\" alt=\"\" srcset=\"https:\/\/www.cnes.community\/wp-content\/uploads\/2024\/10\/writing.png 512w, https:\/\/www.cnes.community\/wp-content\/uploads\/2024\/10\/writing-300x300.png 300w, https:\/\/www.cnes.community\/wp-content\/uploads\/2024\/10\/writing-150x150.png 150w, https:\/\/www.cnes.community\/wp-content\/uploads\/2024\/10\/writing-230x230.png 230w, https:\/\/www.cnes.community\/wp-content\/uploads\/2024\/10\/writing-330x330.png 330w\" sizes=\"auto, (max-width: 61px) 100vw, 61px\" \/><\/figure><\/div><\/div>\r\n\r\n\r\n\r\n<div class=\"wp-block-column is-vertically-aligned-center is-layout-flow wp-block-column-is-layout-flow\" style=\"flex-basis: 125px;\">\r\n<p class=\"has-medium-font-size\"><strong>Contact<\/strong><\/p>\r\n<\/div>\r\n\r\n\r\n\r\n<div class=\"wp-block-column is-vertically-aligned-center is-layout-flow wp-block-column-is-layout-flow\">\r\n<p style=\"font-size: 18px;\">bojan.todosijevic@gmail.com<\/p>\r\n<\/div>\r\n<\/div>\r\n\r\n\r\n\r\n<div class=\"wp-block-spacer\" style=\"height: 10px;\" aria-hidden=\"true\">\u00a0<\/div>\r\n\r\n\r\n\r\n<div class=\"wp-block-columns is-layout-flex wp-container-core-columns-is-layout-9d6595d7 wp-block-columns-is-layout-flex\">\r\n<div class=\"wp-block-column is-vertically-aligned-center is-layout-flow wp-block-column-is-layout-flow\" style=\"flex-basis: 65px;\"><div class=\"wp-block-image\">\r\n<figure class=\"alignright size-full is-resized\"><img loading=\"lazy\" decoding=\"async\" width=\"61\" height=\"61\" class=\"wp-image-1140\" style=\"width: 61px;\" src=\"https:\/\/www.cnes.community\/wp-content\/uploads\/2024\/10\/student.png\" alt=\"\" srcset=\"https:\/\/www.cnes.community\/wp-content\/uploads\/2024\/10\/student.png 512w, https:\/\/www.cnes.community\/wp-content\/uploads\/2024\/10\/student-300x300.png 300w, https:\/\/www.cnes.community\/wp-content\/uploads\/2024\/10\/student-150x150.png 150w, https:\/\/www.cnes.community\/wp-content\/uploads\/2024\/10\/student-230x230.png 230w, https:\/\/www.cnes.community\/wp-content\/uploads\/2024\/10\/student-330x330.png 330w\" sizes=\"auto, (max-width: 61px) 100vw, 61px\" \/><\/figure><\/div><\/div>\r\n\r\n\r\n\r\n<div class=\"wp-block-column is-vertically-aligned-center is-layout-flow wp-block-column-is-layout-flow\" style=\"flex-basis: 125px;\">\r\n<p class=\"has-medium-font-size\"><strong>Core team<\/strong><\/p>\r\n<\/div>\r\n\r\n\r\n\r\n<div class=\"wp-block-column is-vertically-aligned-center is-layout-flow wp-block-column-is-layout-flow\">\r\n<p style=\"font-size: 18px;\">Bojan Todosijevic, Jovana Zafirovi\u0107, Vladimir Mentus, Branka Matijevi\u0107, Milica Ljevaja &amp; Zoran Pavlovi\u0107<\/p>\r\n<\/div>\r\n<\/div>\r\n","protected":false},"excerpt":{"rendered":"<p>\u00a0 Institution \u00a0 Institute of Social Sciences Kraljice Natalije 45 (Narodnog Fronta 45) 11000 Belgrade Republic of Serbia Website &#8211; Contact bojan.todosijevic@gmail.com Core team Bojan Todosijevic, Jovana Zafirovi\u0107, Vladimir Mentus, Branka Matijevi\u0107, Milica Ljevaja &amp; Zoran Pavlovi\u0107<\/p>\n","protected":false},"author":4,"featured_media":0,"parent":671,"menu_order":27,"comment_status":"closed","ping_status":"closed","template":"","meta":{"footnotes":""},"class_list":["post-1411","page","type-page","status-publish","hentry"],"_links":{"self":[{"href":"https:\/\/www.cnes.community\/index.php\/wp-json\/wp\/v2\/pages\/1411","targetHints":{"allow":["GET"]}}],"collection":[{"href":"https:\/\/www.cnes.community\/index.php\/wp-json\/wp\/v2\/pages"}],"about":[{"href":"https:\/\/www.cnes.community\/index.php\/wp-json\/wp\/v2\/types\/page"}],"author":[{"embeddable":true,"href":"https:\/\/www.cnes.community\/index.php\/wp-json\/wp\/v2\/users\/4"}],"replies":[{"embeddable":true,"href":"https:\/\/www.cnes.community\/index.php\/wp-json\/wp\/v2\/comments?post=1411"}],"version-history":[{"count":6,"href":"https:\/\/www.cnes.community\/index.php\/wp-json\/wp\/v2\/pages\/1411\/revisions"}],"predecessor-version":[{"id":2687,"href":"https:\/\/www.cnes.community\/index.php\/wp-json\/wp\/v2\/pages\/1411\/revisions\/2687"}],"up":[{"embeddable":true,"href":"https:\/\/www.cnes.community\/index.php\/wp-json\/wp\/v2\/pages\/671"}],"wp:attachment":[{"href":"https:\/\/www.cnes.community\/index.php\/wp-json\/wp\/v2\/media?parent=1411"}],"curies":[{"name":"wp","href":"https:\/\/api.w.org\/{rel}","templated":true}]}}