{"id":23,"date":"2022-11-01T12:39:02","date_gmt":"2022-11-01T12:39:02","guid":{"rendered":"https:\/\/www.cnes.community\/?page_id=23"},"modified":"2026-03-09T09:08:22","modified_gmt":"2026-03-09T09:08:22","slug":"participating-countries-partners","status":"publish","type":"page","link":"https:\/\/www.cnes.community\/index.php\/participating-countries-partners\/","title":{"rendered":"Participating countries &#038; partners"},"content":{"rendered":"<p>&nbsp;<\/p>\n<table width=\"491\">\n<tbody>\n<tr>\n<td width=\"57\"><\/td>\n<td width=\"293\"><strong>CNES MEMBERS<\/strong><\/p>\n<p>&nbsp;<\/td>\n<td width=\"141\"><strong>NES REPRESENTATIVES<\/strong><\/p>\n<p>&nbsp;<\/td>\n<\/tr>\n<tr>\n<td width=\"57\"><img loading=\"lazy\" decoding=\"async\" class=\"size-full wp-image-129 alignnone\" src=\"https:\/\/www.cnes.community\/wp-content\/uploads\/2023\/04\/us.png\" alt=\"\" width=\"40\" height=\"21\" \/><\/td>\n<td width=\"293\"><a href=\"https:\/\/electionstudies.org\/\" target=\"_blank\" rel=\"noopener\">American National Election Studies (ANES)<\/a><\/td>\n<td width=\"141\">Nicholas Valentino<\/p>\n<p>David Howell<\/td>\n<\/tr>\n<tr data-wp-editing=\"1\">\n<td width=\"57\"><img loading=\"lazy\" decoding=\"async\" class=\"alignnone wp-image-405 size-full\" src=\"https:\/\/www.cnes.community\/wp-content\/uploads\/2023\/11\/ar.png\" alt=\"\" width=\"40\" height=\"25\" \/><\/td>\n<td width=\"293\">Argentine Panel Election Study<\/td>\n<td width=\"141\">Noam Lupu<\/td>\n<\/tr>\n<tr>\n<td width=\"57\"><img loading=\"lazy\" decoding=\"async\" class=\"alignnone size-full wp-image-657\" src=\"https:\/\/www.cnes.community\/wp-content\/uploads\/2024\/10\/au.png\" alt=\"\" width=\"40\" height=\"20\" \/><\/td>\n<td width=\"293\"><a href=\"https:\/\/australianelectionstudy.org\/\" target=\"_blank\" rel=\"noopener\">Australian Election Study (AES)<\/a><\/td>\n<td width=\"141\">Ian McAllister<\/p>\n<p>Sarah Cameron<\/td>\n<\/tr>\n<tr>\n<td width=\"57\"><img loading=\"lazy\" decoding=\"async\" class=\"size-full wp-image-130 alignnone\" src=\"https:\/\/www.cnes.community\/wp-content\/uploads\/2023\/04\/at.png\" alt=\"\" width=\"40\" height=\"27\" \/><\/td>\n<td width=\"293\"><a href=\"https:\/\/autnes.at\/\" target=\"_blank\" rel=\"noopener\">Austrian National Election Study (AUTNES)<\/a><\/td>\n<td width=\"141\">Sylvia Kritzinger<\/p>\n<p>Julia Partheym\u00fcller<\/td>\n<\/tr>\n<tr>\n<td width=\"57\"><img loading=\"lazy\" decoding=\"async\" class=\"size-full wp-image-132 alignnone\" src=\"https:\/\/www.cnes.community\/wp-content\/uploads\/2023\/04\/be.png\" alt=\"\" width=\"40\" height=\"35\" \/><\/td>\n<td width=\"293\"><a href=\"https:\/\/represent-project.be\/\" target=\"_blank\" rel=\"noopener\">RepResent Belgian Panel (RBP)<\/a><\/td>\n<td width=\"141\">Jean-Benoit Pilet<\/td>\n<\/tr>\n<tr>\n<td width=\"57\"><img loading=\"lazy\" decoding=\"async\" class=\"alignnone size-full wp-image-658\" src=\"https:\/\/www.cnes.community\/wp-content\/uploads\/2024\/10\/br.png\" alt=\"\" width=\"40\" height=\"28\" \/><\/td>\n<td width=\"293\"><a href=\"https:\/\/www.cesop.unicamp.br\/eng\/eseb\" target=\"_blank\" rel=\"noopener\">Brazilian Electoral Study (BES)<\/a><\/td>\n<td width=\"141\">Rachel Meneguello<\/td>\n<\/tr>\n<tr data-wp-editing=\"1\">\n<td width=\"57\"><img loading=\"lazy\" decoding=\"async\" class=\"alignnone wp-image-404 size-full\" src=\"https:\/\/www.cnes.community\/wp-content\/uploads\/2023\/11\/ca.png\" alt=\"\" width=\"40\" height=\"20\" \/><\/td>\n<td width=\"293\"><a href=\"http:\/\/www.ces-eec.ca\/\" target=\"_blank\" rel=\"noopener\">Canadian Election Study (CES-EEC)<\/a><\/td>\n<td width=\"141\">Laura Stephenson<\/p>\n<p>Allison Harell<\/td>\n<\/tr>\n<tr data-wp-editing=\"1\">\n<td width=\"57\"><img loading=\"lazy\" decoding=\"async\" class=\"size-full wp-image-133 alignnone\" src=\"https:\/\/www.cnes.community\/wp-content\/uploads\/2023\/04\/hr.png\" alt=\"\" width=\"40\" height=\"20\" \/><\/td>\n<td width=\"293\">Croatian National Election Study<\/td>\n<td width=\"141\">Vi\u0161eslav Raos<\/p>\n<p>Goran \u010cular<\/td>\n<\/tr>\n<tr>\n<td width=\"57\"><img loading=\"lazy\" decoding=\"async\" class=\"size-full wp-image-134 alignnone\" src=\"https:\/\/www.cnes.community\/wp-content\/uploads\/2023\/04\/cz.png\" alt=\"\" width=\"40\" height=\"27\" \/><\/td>\n<td width=\"293\">Czech National Election Study<\/td>\n<td width=\"141\">Lukas Linek<\/td>\n<\/tr>\n<tr>\n<td width=\"57\"><img loading=\"lazy\" decoding=\"async\" class=\"size-full wp-image-135 alignnone\" src=\"https:\/\/www.cnes.community\/wp-content\/uploads\/2023\/04\/dk.png\" alt=\"\" width=\"40\" height=\"30\" \/><\/td>\n<td width=\"293\"><a href=\"https:\/\/www.valgprojektet.dk\/default.asp?l=eng\" target=\"_blank\" rel=\"noopener\">Danish National Election Study (DNES)<\/a><\/td>\n<td width=\"141\">Kasper M. Hansen<\/p>\n<p>Rune Stubager<\/td>\n<\/tr>\n<tr>\n<td width=\"57\"><img loading=\"lazy\" decoding=\"async\" class=\"size-full wp-image-137 alignnone\" src=\"https:\/\/www.cnes.community\/wp-content\/uploads\/2023\/04\/nl.png\" alt=\"\" width=\"40\" height=\"27\" \/><\/td>\n<td width=\"293\"><a href=\"https:\/\/www.dpes.nl\/\" target=\"_blank\" rel=\"noopener\">Dutch Parliamentary Election Studies (DPES)<\/a><\/td>\n<td width=\"141\">Wouter van der Brug<\/td>\n<\/tr>\n<tr>\n<td width=\"57\"><img loading=\"lazy\" decoding=\"async\" class=\"alignnone wp-image-159 size-full\" src=\"https:\/\/www.cnes.community\/wp-content\/uploads\/2023\/04\/eu.png\" alt=\"\" width=\"40\" height=\"27\" \/><\/td>\n<td width=\"293\"><a href=\"https:\/\/www.gesis.org\/en\/services\/finding-and-accessing-data\/international-survey-programs\/european-election-studies\" target=\"_blank\" rel=\"noopener\">European Election Study (EES)<\/a><\/td>\n<td width=\"141\">Wouter van der Brug<\/td>\n<\/tr>\n<tr>\n<td width=\"57\"><img loading=\"lazy\" decoding=\"async\" class=\"size-full wp-image-138 alignnone\" src=\"https:\/\/www.cnes.community\/wp-content\/uploads\/2023\/04\/fi.png\" alt=\"\" width=\"40\" height=\"24\" \/><\/td>\n<td width=\"293\"><a href=\"https:\/\/www.vaalitutkimus.fi\/en\/front-page\/\" target=\"_blank\" rel=\"noopener\">Finnish National Election Study (FNES)<\/a><\/td>\n<td width=\"141\">\u00c5sa von Schoultz<\/p>\n<p>Peter S\u00f6derlund<\/td>\n<\/tr>\n<tr>\n<td width=\"57\"><img loading=\"lazy\" decoding=\"async\" class=\"size-full wp-image-139 alignnone\" src=\"https:\/\/www.cnes.community\/wp-content\/uploads\/2023\/04\/fr.png\" alt=\"\" width=\"40\" height=\"27\" \/><\/td>\n<td width=\"293\">French National Election Study (FES)<\/td>\n<td width=\"141\">Romain Lachat<\/p>\n<p>Martial Foucault<\/td>\n<\/tr>\n<tr>\n<td width=\"57\"><img loading=\"lazy\" decoding=\"async\" class=\"size-full wp-image-140 alignnone\" src=\"https:\/\/www.cnes.community\/wp-content\/uploads\/2023\/04\/de.png\" alt=\"\" width=\"40\" height=\"24\" \/><\/td>\n<td width=\"293\"><a href=\"https:\/\/gles-en.eu\/\" target=\"_blank\" rel=\"noopener\">German Longitudinal Election Study (GLES)<\/a><\/td>\n<td width=\"141\">Harald Schoen<\/p>\n<p>Sigrid Ro\u00dfteutscher<\/td>\n<\/tr>\n<tr>\n<td width=\"57\"><img loading=\"lazy\" decoding=\"async\" class=\"size-full wp-image-141 alignnone\" src=\"https:\/\/www.cnes.community\/wp-content\/uploads\/2023\/04\/gr.png\" alt=\"\" width=\"40\" height=\"27\" \/><\/td>\n<td width=\"293\"><a href=\"https:\/\/www.elnes.gr\/\" target=\"_blank\" rel=\"noopener\">Hellenic National Election Studies (ELNES)<\/a><\/td>\n<td width=\"141\">Theodore Chadjipadelis<\/p>\n<p>Ioannis Andreadis<\/td>\n<\/tr>\n<tr>\n<td width=\"57\"><img loading=\"lazy\" decoding=\"async\" class=\"size-full wp-image-142 alignnone\" src=\"https:\/\/www.cnes.community\/wp-content\/uploads\/2023\/04\/is.png\" alt=\"\" width=\"40\" height=\"29\" \/><\/td>\n<td width=\"293\"><a href=\"https:\/\/icenes.hi.is\/is\" target=\"_blank\" rel=\"noopener\">Icelandic National Election Study (ICENES)<\/a><\/td>\n<td width=\"141\">Eva H. \u00d6nnud\u00f3ttir<\/p>\n<p>Hulda \u00de\u00f3risd\u00f3ttir<\/td>\n<\/tr>\n<tr>\n<td width=\"57\"><img loading=\"lazy\" decoding=\"async\" class=\"size-full wp-image-143 alignnone\" src=\"https:\/\/www.cnes.community\/wp-content\/uploads\/2023\/04\/ie.png\" alt=\"\" width=\"40\" height=\"20\" \/><\/td>\n<td width=\"293\"><a href=\"https:\/\/www.ucd.ie\/issda\/data\/irishnationalelectionstudy\/\" target=\"_blank\" rel=\"noopener\">Irish National Election Study (INES)<\/a><\/td>\n<td width=\"141\">Gail McElroy<\/p>\n<p>Theresa Reidy<\/td>\n<\/tr>\n<tr>\n<td width=\"57\"><img loading=\"lazy\" decoding=\"async\" class=\"size-full wp-image-144 alignnone\" src=\"https:\/\/www.cnes.community\/wp-content\/uploads\/2023\/04\/it.png\" alt=\"\" width=\"40\" height=\"27\" \/><\/td>\n<td width=\"293\"><a href=\"http:\/\/www.itanes.org\/\" target=\"_blank\" rel=\"noopener\">Italian National Election Studies (ITANES)<\/a><\/td>\n<td width=\"141\">Cristiano Vezzoni<\/p>\n<p>Diego Garzia<\/td>\n<\/tr>\n<tr>\n<td width=\"57\"><img loading=\"lazy\" decoding=\"async\" class=\"alignnone wp-image-863 \" src=\"https:\/\/www.cnes.community\/wp-content\/uploads\/2024\/10\/il-300x218.png\" alt=\"\" width=\"40\" height=\"29\" srcset=\"https:\/\/www.cnes.community\/wp-content\/uploads\/2024\/10\/il-300x218.png 300w, https:\/\/www.cnes.community\/wp-content\/uploads\/2024\/10\/il-1024x745.png 1024w, https:\/\/www.cnes.community\/wp-content\/uploads\/2024\/10\/il-768x559.png 768w, https:\/\/www.cnes.community\/wp-content\/uploads\/2024\/10\/il-1536x1117.png 1536w, https:\/\/www.cnes.community\/wp-content\/uploads\/2024\/10\/il-2048x1490.png 2048w\" sizes=\"auto, (max-width: 40px) 100vw, 40px\" \/><\/td>\n<td width=\"293\"><a href=\"https:\/\/socsci4.tau.ac.il\/mu2\/ines\/\" target=\"_blank\" rel=\"noopener\">Israel National Election Studies (INES)<\/a><\/td>\n<td width=\"141\">Alon Yakter<\/p>\n<p>Lior Sheffer<\/td>\n<\/tr>\n<tr>\n<td width=\"57\"><img loading=\"lazy\" decoding=\"async\" class=\"alignnone wp-image-522 size-full\" src=\"https:\/\/www.cnes.community\/wp-content\/uploads\/2024\/04\/jp.png\" alt=\"\" width=\"40\" height=\"27\" \/><\/td>\n<td width=\"293\"><a href=\"https:\/\/jesproject.wixsite.com\/english\" target=\"_blank\" rel=\"noopener\">Japanese Electoral Studies (JES)<\/a><\/td>\n<td width=\"141\">Hiroki Tsukiyama<\/p>\n<p>Naoko Taniguchi<\/td>\n<\/tr>\n<tr>\n<td width=\"57\"><img loading=\"lazy\" decoding=\"async\" class=\"size-full wp-image-146 alignnone\" src=\"https:\/\/www.cnes.community\/wp-content\/uploads\/2023\/04\/lv.png\" alt=\"\" width=\"40\" height=\"20\" \/><\/td>\n<td width=\"293\">Latvian election studies<\/td>\n<td width=\"141\">J\u0101nis Ikstens<\/td>\n<\/tr>\n<tr>\n<td width=\"57\"><img loading=\"lazy\" decoding=\"async\" class=\"size-full wp-image-145 alignnone\" src=\"https:\/\/www.cnes.community\/wp-content\/uploads\/2023\/04\/lt.png\" alt=\"\" width=\"40\" height=\"24\" \/><\/td>\n<td width=\"293\"><a href=\"http:\/\/www.lnes.tspmi.vu.lt\/\" target=\"_blank\" rel=\"noopener\">Lithuanian National Election Study (LNES)<\/a><\/td>\n<td width=\"141\">Ain\u0117 Ramonait\u0117<\/p>\n<p>Ma\u017evydas Jastramskis<\/td>\n<\/tr>\n<tr>\n<td width=\"57\"><img loading=\"lazy\" decoding=\"async\" class=\"size-full wp-image-147 alignnone\" src=\"https:\/\/www.cnes.community\/wp-content\/uploads\/2023\/04\/me.png\" alt=\"\" width=\"40\" height=\"20\" \/><\/td>\n<td width=\"293\"><a href=\"https:\/\/www.defacto.me\/en\/mne-election-study\/\" target=\"_blank\" rel=\"noopener\">Montenegrin national election study (MNES)<\/a><\/td>\n<td width=\"141\">Olivera Komar<\/p>\n<p>Slaven \u017divkovi\u0107<\/td>\n<\/tr>\n<tr>\n<td width=\"57\"><img loading=\"lazy\" decoding=\"async\" class=\"alignnone wp-image-469 size-full\" src=\"https:\/\/www.cnes.community\/wp-content\/uploads\/2024\/02\/nz.png\" alt=\"\" width=\"40\" height=\"20\" \/><\/td>\n<td width=\"293\"><a href=\"https:\/\/www.nzes.net\/\" target=\"_blank\" rel=\"noopener\">New Zealand Election Study (NZES)<\/a><\/td>\n<td width=\"141\">Jack Vowles<\/td>\n<\/tr>\n<tr>\n<td width=\"57\"><img loading=\"lazy\" decoding=\"async\" class=\"size-full wp-image-148 alignnone\" src=\"https:\/\/www.cnes.community\/wp-content\/uploads\/2023\/04\/no.png\" alt=\"\" width=\"40\" height=\"29\" \/><\/td>\n<td width=\"293\"><a href=\"https:\/\/www.samfunnsforskning.no\/english\/projects\/stortingsvalgundersokelsene-2017-og-2021-eng.html\" target=\"_blank\" rel=\"noopener\">Norwegian National Election Study (NNES)<\/a><\/td>\n<td width=\"141\">Johannes Bergh<\/p>\n<p>Bernt Aardal<\/td>\n<\/tr>\n<tr>\n<td width=\"57\"><img loading=\"lazy\" decoding=\"async\" class=\"size-full wp-image-149 alignnone\" src=\"https:\/\/www.cnes.community\/wp-content\/uploads\/2023\/04\/pl.png\" alt=\"\" width=\"40\" height=\"25\" \/><\/td>\n<td width=\"293\">Polish National Election Study (PNES)<\/td>\n<td width=\"141\">Radek Markowski<\/p>\n<p>Mikolaj Czesnik<\/td>\n<\/tr>\n<tr>\n<td width=\"57\"><img loading=\"lazy\" decoding=\"async\" class=\"size-full wp-image-150 alignnone\" src=\"https:\/\/www.cnes.community\/wp-content\/uploads\/2023\/04\/pt.png\" alt=\"\" width=\"40\" height=\"27\" \/><\/td>\n<td width=\"293\"><a href=\"https:\/\/www.cep.ics.ulisboa.pt\/index.php\/en\/cep-en\/\" target=\"_blank\" rel=\"noopener\">Portuguese Electoral Behavior program<\/a><\/td>\n<td width=\"141\">Marina Costa Lobo<\/p>\n<p>Ana Espirito Santo<\/td>\n<\/tr>\n<tr>\n<td width=\"57\"><img loading=\"lazy\" decoding=\"async\" class=\"size-full wp-image-151 alignnone\" src=\"https:\/\/www.cnes.community\/wp-content\/uploads\/2023\/04\/ro.png\" alt=\"\" width=\"40\" height=\"27\" \/><\/td>\n<td width=\"293\"><a href=\"https:\/\/resproject.wordpress.com\/\" target=\"_blank\" rel=\"noopener\">Romanian Election Studies<\/a><\/td>\n<td width=\"141\">Mircea Com\u05a5sa<\/p>\n<p>Andrei Gheorghi\u05a5t\u0103<\/td>\n<\/tr>\n<tr>\n<td width=\"57\"><img loading=\"lazy\" decoding=\"async\" class=\"size-full wp-image-153 alignnone\" src=\"https:\/\/www.cnes.community\/wp-content\/uploads\/2023\/04\/rs.png\" alt=\"\" width=\"40\" height=\"27\" \/><\/td>\n<td width=\"293\">Serbian Election Study<\/td>\n<td width=\"141\">Bojan Todosijevic<\/td>\n<\/tr>\n<tr>\n<td width=\"57\"><img loading=\"lazy\" decoding=\"async\" class=\"size-full wp-image-154 alignnone\" src=\"https:\/\/www.cnes.community\/wp-content\/uploads\/2023\/04\/sk.png\" alt=\"\" width=\"40\" height=\"27\" \/><\/td>\n<td width=\"293\">Slovakian Election Study<\/td>\n<td width=\"141\">Olga Gyarfasova<\/td>\n<\/tr>\n<tr>\n<td width=\"57\"><img loading=\"lazy\" decoding=\"async\" class=\"size-full wp-image-155 alignnone\" src=\"https:\/\/www.cnes.community\/wp-content\/uploads\/2023\/04\/si.png\" alt=\"\" width=\"40\" height=\"20\" \/><\/td>\n<td width=\"293\">Slovenian National Election Study<\/td>\n<td width=\"141\">Janez \u0160tebe<\/td>\n<\/tr>\n<tr>\n<td width=\"57\"><img loading=\"lazy\" decoding=\"async\" class=\"size-full wp-image-156 alignnone\" src=\"https:\/\/www.cnes.community\/wp-content\/uploads\/2023\/04\/es.png\" alt=\"\" width=\"40\" height=\"27\" \/><\/td>\n<td width=\"293\"><a href=\"https:\/\/www.cis.es\/cis\/opencm\/EN\/1_encuestas\/TiposEncuestas\/EncuestasElectorales\/encuestaselectorales.jsp\" target=\"_blank\" rel=\"noopener\">Spanish Election study (CIS)<\/a><\/td>\n<td width=\"141\">Juan D\u00edez-Nicol\u00e1s<\/td>\n<\/tr>\n<tr>\n<td width=\"57\"><img loading=\"lazy\" decoding=\"async\" class=\"size-full wp-image-157 alignnone\" src=\"https:\/\/www.cnes.community\/wp-content\/uploads\/2023\/04\/se.png\" alt=\"\" width=\"40\" height=\"25\" \/><\/td>\n<td width=\"293\"><a href=\"https:\/\/www.gu.se\/en\/swedish-national-election-studies\" target=\"_blank\" rel=\"noopener\">Swedish National Election Studies (SNES)<\/a><\/td>\n<td width=\"141\">Henrik Ekengren Oscarsson<\/td>\n<\/tr>\n<tr>\n<td width=\"57\"><img loading=\"lazy\" decoding=\"async\" class=\"size-full wp-image-158 alignnone\" src=\"https:\/\/www.cnes.community\/wp-content\/uploads\/2023\/04\/ch.png\" alt=\"\" width=\"40\" height=\"40\" \/><\/td>\n<td width=\"293\"><a href=\"https:\/\/forscenter.ch\/projects\/selects\/\" target=\"_blank\" rel=\"noopener\">Swiss Election Study (Selects)<\/a><\/td>\n<td width=\"141\">Georg Lutz<\/p>\n<p>Anke Tresch<\/td>\n<\/tr>\n<tr>\n<td width=\"57\"><img loading=\"lazy\" decoding=\"async\" class=\"alignnone size-full wp-image-659\" src=\"https:\/\/www.cnes.community\/wp-content\/uploads\/2024\/10\/tw.png\" alt=\"\" width=\"40\" height=\"27\" \/><\/td>\n<td width=\"293\"><a href=\"http:\/\/teds.nccu.edu.tw\/main.php\" target=\"_blank\" rel=\"noopener\">Taiwan&#8217;s Election and Democratization Study (TEDS)<\/a><\/td>\n<td width=\"141\">Lu-huei Chen<\/p>\n<p>Chia-hung Tsai<\/td>\n<\/tr>\n<\/tbody>\n<\/table>\n<p>*<em>= National election studies that have applied for membership<\/em><\/p>\n<hr \/>\n<p style=\"text-align: left;\">\n","protected":false},"excerpt":{"rendered":"<p>&nbsp; CNES MEMBERS &nbsp; NES REPRESENTATIVES &nbsp; American National Election Studies (ANES) Nicholas Valentino David Howell Argentine Panel Election Study Noam Lupu Australian Election Study (AES) Ian McAllister Sarah Cameron Austrian National Election Study (AUTNES) Sylvia Kritzinger Julia Partheym\u00fcller RepResent<\/p>\n","protected":false},"author":3,"featured_media":0,"parent":0,"menu_order":3,"comment_status":"closed","ping_status":"closed","template":"","meta":{"footnotes":""},"class_list":["post-23","page","type-page","status-publish","hentry"],"_links":{"self":[{"href":"https:\/\/www.cnes.community\/index.php\/wp-json\/wp\/v2\/pages\/23","targetHints":{"allow":["GET"]}}],"collection":[{"href":"https:\/\/www.cnes.community\/index.php\/wp-json\/wp\/v2\/pages"}],"about":[{"href":"https:\/\/www.cnes.community\/index.php\/wp-json\/wp\/v2\/types\/page"}],"author":[{"embeddable":true,"href":"https:\/\/www.cnes.community\/index.php\/wp-json\/wp\/v2\/users\/3"}],"replies":[{"embeddable":true,"href":"https:\/\/www.cnes.community\/index.php\/wp-json\/wp\/v2\/comments?post=23"}],"version-history":[{"count":33,"href":"https:\/\/www.cnes.community\/index.php\/wp-json\/wp\/v2\/pages\/23\/revisions"}],"predecessor-version":[{"id":127,"href":"https:\/\/www.cnes.community\/index.php\/wp-json\/wp\/v2\/pages\/23\/revisions\/127"}],"wp:attachment":[{"href":"https:\/\/www.cnes.community\/index.php\/wp-json\/wp\/v2\/media?parent=23"}],"curies":[{"name":"wp","href":"https:\/\/api.w.org\/{rel}","templated":true}]}}